{"id":2,"date":"2023-03-12T14:42:09","date_gmt":"2023-03-12T13:42:09","guid":{"rendered":"http:\/\/mv-erbshausen-sulzwiesen.de\/wp\/?page_id=2"},"modified":"2024-11-30T09:39:03","modified_gmt":"2024-11-30T08:39:03","slug":"beispiel-seite","status":"publish","type":"page","link":"https:\/\/www.mv-erbshausen-sulzwiesen.de\/?page_id=2","title":{"rendered":"Geschichte"},"content":{"rendered":"\n<figure class=\"wp-block-table is-style-stripes\"><table class=\"has-fixed-layout\"><tbody><tr><td>1756<\/td><td>erste Erw\u00e4hnung einer Musikkapelle am Gedenktag des Kirchenpatrons Albanus<\/td><\/tr><tr><td>1896<\/td><td>weitere Erw\u00e4hnung von Musikern bei der Einweihung des Bildstocks an der &#8222;Holzspitze&#8220;<\/td><\/tr><tr><td>1912<\/td><td>Gr\u00fcndung der ersten \u201eoffiziellen\u201c Dorfkapelle mit insgesamt neun Musikern durch Ludwig Sch\u00f6mig, die Musiker stammten alle aus der Familie<\/td><\/tr><tr><td>1923-1932<\/td><td>bei \u00f6rtlichen Festen spielt auch ein Streichmusikensemble mit Fl\u00fcgelhorn<\/td><\/tr><tr><td>1934-1936<\/td><td>ein Spielmannszug wirkt bei Festivit\u00e4ten mit<\/td><\/tr><tr><td>1945<\/td><td>nach dem 2. Weltkrieg proben ca. 15-20 Musiker wieder als Blaskapelle unter der Leitung von Hermann Schraut<\/td><\/tr><tr><td>03.08.1984<\/td><td>im Sportheim von Erbshausen-Sulzwiesen findet die Gr\u00fcndungsversammlung des Musikvereins Erbshausen-Sulzwiesen e. V. statt, zum 1. Vorstand wird Ludwig Beck gew\u00e4hlt<\/td><\/tr><tr><td>01.01.1985<\/td><td>Wiederaufleben der Tradition des Neujahrsanblasens, an 14 Stationen wird im Ort das neue Jahr musikalisch begr\u00fc\u00dft<\/td><\/tr><tr><td>1987<\/td><td>Beitritt zum Nordbayerischen Musikbund<\/td><\/tr><tr><td>1988<\/td><td>Ausstattung der Musiker mit neuer unterfr\u00e4nkischer Tracht<\/td><\/tr><tr><td>1991<\/td><td>erstes Weihnachtskonzert am 3. Adventssonntag, das inzwischen zum festen Bestandteil im Konzertkalender wurde<\/td><\/tr><tr><td>1994<\/td><td>erstes Gemeinschaftskonzert mit den zwei weiteren Musikvereinen der Gemeinde Hausen<\/td><\/tr><tr><td>01.01.1995<\/td><td>neuer Dirigent der Musikkapelle wird J\u00f6rg Rath<\/td><\/tr><tr><td>11.12.1995<\/td><td>erste Musikprobe im neu erbauten Musik- und Feuerwehrhaus, das Geb\u00e4ude wurde durch enorme Eigenleistung der Mitglieder des Musikvereins sowie der Freiwilligen Feuerwehr gebaut und von der Gemeinde Hausen finanziert<\/td><\/tr><tr><td>1998<\/td><td>Kirchenkonzert anl\u00e4sslich des Jubil\u00e4ums der Pfarrei<\/td><\/tr><tr><td>1997<\/td><td>Manfred Ziegler wird neuer 1. Vorstand<\/td><\/tr><tr><td>1999<\/td><td>Feier zum 15- j\u00e4hrigen Bestehen mit Kommersabend und Fr\u00fchjahrskonzert sowie Ehrungen von Musikern f\u00fcr ihr jahrelanges Engagement<\/td><\/tr><tr><td>2002<\/td><td>Gr\u00fcndung der ersten Bl\u00e4serklasse in Kooperation mit dem Musikverein Hausen<\/td><\/tr><tr><td>2003<\/td><td>neuer Vorstand wird J\u00f6rg Rath<\/td><\/tr><tr><td>2007<\/td><td>Im Rahmen eines Herbstkonzertes werden Musiker f\u00fcr ihre langj\u00e4hrigen musikalischen Aktivit\u00e4ten geehrt<\/td><\/tr><tr><td>2007<\/td><td>Gr\u00fcndung der \u201eMusikzwerge\u201c, einer eigenen Nachwuchskappelle<\/td><\/tr><tr><td>2024<\/td><td>40-j\u00e4hriges Bestehen des Musikvereins<\/td><\/tr><\/tbody><\/table><\/figure>\n\n\n\n<p><\/p>\n","protected":false},"excerpt":{"rendered":"<p>1756 erste Erw\u00e4hnung einer Musikkapelle am Gedenktag des Kirchenpatrons Albanus 1896 weitere Erw\u00e4hnung von Musikern bei der Einweihung des Bildstocks an der &#8222;Holzspitze&#8220; 1912 Gr\u00fcndung der ersten \u201eoffiziellen\u201c Dorfkapelle mit insgesamt neun Musikern durch Ludwig Sch\u00f6mig, die Musiker stammten alle aus der Familie 1923-1932 bei \u00f6rtlichen Festen spielt auch ein Streichmusikensemble mit Fl\u00fcgelhorn 1934-1936 ein [&hellip;]<\/p>\n","protected":false},"author":1,"featured_media":0,"parent":0,"menu_order":0,"comment_status":"closed","ping_status":"open","template":"","meta":{"site-sidebar-layout":"default","site-content-layout":"","ast-site-content-layout":"default","site-content-style":"default","site-sidebar-style":"default","ast-global-header-display":"","ast-banner-title-visibility":"","ast-main-header-display":"","ast-hfb-above-header-display":"","ast-hfb-below-header-display":"","ast-hfb-mobile-header-display":"","site-post-title":"","ast-breadcrumbs-content":"","ast-featured-img":"","footer-sml-layout":"","ast-disable-related-posts":"","theme-transparent-header-meta":"","adv-header-id-meta":"","stick-header-meta":"","header-above-stick-meta":"","header-main-stick-meta":"","header-below-stick-meta":"","astra-migrate-meta-layouts":"set","ast-page-background-enabled":"default","ast-page-background-meta":{"desktop":{"background-color":"var(--ast-global-color-4)","background-image":"","background-repeat":"repeat","background-position":"center center","background-size":"auto","background-attachment":"scroll","background-type":"","background-media":"","overlay-type":"","overlay-color":"","overlay-opacity":"","overlay-gradient":""},"tablet":{"background-color":"","background-image":"","background-repeat":"repeat","background-position":"center center","background-size":"auto","background-attachment":"scroll","background-type":"","background-media":"","overlay-type":"","overlay-color":"","overlay-opacity":"","overlay-gradient":""},"mobile":{"background-color":"","background-image":"","background-repeat":"repeat","background-position":"center center","background-size":"auto","background-attachment":"scroll","background-type":"","background-media":"","overlay-type":"","overlay-color":"","overlay-opacity":"","overlay-gradient":""}},"ast-content-background-meta":{"desktop":{"background-color":"var(--ast-global-color-5)","background-image":"","background-repeat":"repeat","background-position":"center center","background-size":"auto","background-attachment":"scroll","background-type":"","background-media":"","overlay-type":"","overlay-color":"","overlay-opacity":"","overlay-gradient":""},"tablet":{"background-color":"var(--ast-global-color-5)","background-image":"","background-repeat":"repeat","background-position":"center center","background-size":"auto","background-attachment":"scroll","background-type":"","background-media":"","overlay-type":"","overlay-color":"","overlay-opacity":"","overlay-gradient":""},"mobile":{"background-color":"var(--ast-global-color-5)","background-image":"","background-repeat":"repeat","background-position":"center center","background-size":"auto","background-attachment":"scroll","background-type":"","background-media":"","overlay-type":"","overlay-color":"","overlay-opacity":"","overlay-gradient":""}},"footnotes":""},"class_list":["post-2","page","type-page","status-publish","hentry"],"_links":{"self":[{"href":"https:\/\/www.mv-erbshausen-sulzwiesen.de\/index.php?rest_route=\/wp\/v2\/pages\/2","targetHints":{"allow":["GET"]}}],"collection":[{"href":"https:\/\/www.mv-erbshausen-sulzwiesen.de\/index.php?rest_route=\/wp\/v2\/pages"}],"about":[{"href":"https:\/\/www.mv-erbshausen-sulzwiesen.de\/index.php?rest_route=\/wp\/v2\/types\/page"}],"author":[{"embeddable":true,"href":"https:\/\/www.mv-erbshausen-sulzwiesen.de\/index.php?rest_route=\/wp\/v2\/users\/1"}],"replies":[{"embeddable":true,"href":"https:\/\/www.mv-erbshausen-sulzwiesen.de\/index.php?rest_route=%2Fwp%2Fv2%2Fcomments&post=2"}],"version-history":[{"count":5,"href":"https:\/\/www.mv-erbshausen-sulzwiesen.de\/index.php?rest_route=\/wp\/v2\/pages\/2\/revisions"}],"predecessor-version":[{"id":189,"href":"https:\/\/www.mv-erbshausen-sulzwiesen.de\/index.php?rest_route=\/wp\/v2\/pages\/2\/revisions\/189"}],"wp:attachment":[{"href":"https:\/\/www.mv-erbshausen-sulzwiesen.de\/index.php?rest_route=%2Fwp%2Fv2%2Fmedia&parent=2"}],"curies":[{"name":"wp","href":"https:\/\/api.w.org\/{rel}","templated":true}]}}