{"id":137,"date":"2024-11-29T22:03:39","date_gmt":"2024-11-29T21:03:39","guid":{"rendered":"https:\/\/www.mv-erbshausen-sulzwiesen.de\/wp\/?page_id=137"},"modified":"2026-03-14T16:17:56","modified_gmt":"2026-03-14T15:17:56","slug":"kapelle","status":"publish","type":"page","link":"https:\/\/www.mv-erbshausen-sulzwiesen.de\/?page_id=137","title":{"rendered":"Musikkapelle"},"content":{"rendered":"\t\t<div data-elementor-type=\"wp-page\" data-elementor-id=\"137\" class=\"elementor elementor-137\">\n\t\t\t\t\t\t<section class=\"elementor-section elementor-top-section elementor-element elementor-element-ad49066 elementor-section-boxed elementor-section-height-default elementor-section-height-default\" data-id=\"ad49066\" data-element_type=\"section\" data-e-type=\"section\">\n\t\t\t\t\t\t<div class=\"elementor-container elementor-column-gap-default\">\n\t\t\t\t\t<div class=\"elementor-column elementor-col-100 elementor-top-column elementor-element elementor-element-6f7a4f35\" data-id=\"6f7a4f35\" data-element_type=\"column\" data-e-type=\"column\">\n\t\t\t<div class=\"elementor-widget-wrap elementor-element-populated\">\n\t\t\t\t\t\t<div class=\"elementor-element elementor-element-13c4ca6a elementor-widget elementor-widget-text-editor\" data-id=\"13c4ca6a\" data-element_type=\"widget\" data-e-type=\"widget\" data-widget_type=\"text-editor.default\">\n\t\t\t\t<div class=\"elementor-widget-container\">\n\t\t\t\t\t\t\t\t\t<p>Unsere <a href=\"https:\/\/www.mv-erbshausen-sulzwiesen.de\/?page_id=137\">Musikkapelle<\/a> besteht aus ca. 30 aktiven Musikerinnen und Musikern, die sich w\u00f6chentlich zum gemeinsamen Musizieren treffen.<br \/>Hier spielen verschiedene Musikinstrumente wie Klarinette, Querfl\u00f6te, Saxophon, Tenorhorn, Bariton, Tuba, Trompete und Schlagzeug.<br \/>Unser Repertoire besteht aus traditioneller Blasmusik bis hin zu modernen St\u00fccken.<\/p>\n<h5 style=\"font-size: 18px;\"><strong>Unsere Jugendausbildung<br \/><br \/><\/strong><\/h5>\n<p>Ab 4 Jahren k\u00f6nnen die Kinder erste Erfahrungen in der <strong>musikalischen Fr\u00fcherziehung<\/strong> sammeln. Hier d\u00fcrfen Sie singen, sprechen, sich bewegen und tanzen. Sie lernen verschiedene Instrumente, Kl\u00e4nge und Rhythmen kennen.<\/p>\n<p>Im <strong>Blockfl\u00f6tenunterricht<\/strong> erlernen die Kinder in kleinen Gruppen ihr erstes eigenes Instrument.<\/p>\n<p>Die <strong>Jugendausbildung<\/strong> erfolgt jedoch nach wie vor individuell im Einzelunterricht. Interessierte k\u00f6nnen jederzeit in die Musikausbildung einsteigen. Qualifizierte Musiklehrer bieten individuellen Unterricht in verschiedenen Blech- und Holzblasinstrumenten an.<br \/><br \/>Bei Fragen oder Interesse stehen wir gerne zur Verf\u00fcgung \u2013 <a href=\"https:\/\/www.mv-erbshausen-sulzwiesen.de\/?page_id=86\">kontaktieren Sie uns<\/a>.<\/p>\n<p><\/p>\n<figure class=\"wp-block-image size-full\"><img fetchpriority=\"high\" decoding=\"async\" width=\"1024\" height=\"420\" class=\"wp-image-147\" src=\"https:\/\/www.mv-erbshausen-sulzwiesen.de\/wp\/wp-content\/uploads\/2024\/11\/gruppenbild_40_1.jpg\" alt=\"\" srcset=\"https:\/\/www.mv-erbshausen-sulzwiesen.de\/wp-content\/uploads\/2024\/11\/gruppenbild_40_1.jpg 1024w, https:\/\/www.mv-erbshausen-sulzwiesen.de\/wp-content\/uploads\/2024\/11\/gruppenbild_40_1-300x123.jpg 300w, https:\/\/www.mv-erbshausen-sulzwiesen.de\/wp-content\/uploads\/2024\/11\/gruppenbild_40_1-768x315.jpg 768w\" sizes=\"(max-width: 1024px) 100vw, 1024px\" \/><\/figure>\n<p>\n\n<\/p>\n<figure class=\"wp-block-image size-full\"><img decoding=\"async\" width=\"650\" height=\"556\" class=\"wp-image-145\" src=\"https:\/\/www.mv-erbshausen-sulzwiesen.de\/wp\/wp-content\/uploads\/2024\/11\/gruppenbild-kapelle.jpg\" alt=\"\" srcset=\"https:\/\/www.mv-erbshausen-sulzwiesen.de\/wp-content\/uploads\/2024\/11\/gruppenbild-kapelle.jpg 650w, https:\/\/www.mv-erbshausen-sulzwiesen.de\/wp-content\/uploads\/2024\/11\/gruppenbild-kapelle-300x257.jpg 300w\" sizes=\"(max-width: 650px) 100vw, 650px\" \/><\/figure>\n<p>\n\n<\/p>\n<p>\n\n<\/p>\n<p>\n\n<\/p>\n<p><\/p>\t\t\t\t\t\t\t\t<\/div>\n\t\t\t\t<\/div>\n\t\t\t\t\t<\/div>\n\t\t<\/div>\n\t\t\t\t\t<\/div>\n\t\t<\/section>\n\t\t\t\t<\/div>\n\t\t","protected":false},"excerpt":{"rendered":"<p>Unsere Musikkapelle besteht aus ca. 30 aktiven Musikerinnen und Musikern, die sich w\u00f6chentlich zum gemeinsamen Musizieren treffen.Hier spielen verschiedene Musikinstrumente wie Klarinette, Querfl\u00f6te, Saxophon, Tenorhorn, Bariton, Tuba, Trompete und Schlagzeug.Unser Repertoire besteht aus traditioneller Blasmusik bis hin zu modernen St\u00fccken. Unsere Jugendausbildung Ab 4 Jahren k\u00f6nnen die Kinder erste Erfahrungen in der musikalischen Fr\u00fcherziehung sammeln. [&hellip;]<\/p>\n","protected":false},"author":1,"featured_media":0,"parent":0,"menu_order":0,"comment_status":"closed","ping_status":"closed","template":"","meta":{"site-sidebar-layout":"default","site-content-layout":"","ast-site-content-layout":"default","site-content-style":"default","site-sidebar-style":"default","ast-global-header-display":"","ast-banner-title-visibility":"","ast-main-header-display":"","ast-hfb-above-header-display":"","ast-hfb-below-header-display":"","ast-hfb-mobile-header-display":"","site-post-title":"","ast-breadcrumbs-content":"","ast-featured-img":"","footer-sml-layout":"","ast-disable-related-posts":"","theme-transparent-header-meta":"","adv-header-id-meta":"","stick-header-meta":"","header-above-stick-meta":"","header-main-stick-meta":"","header-below-stick-meta":"","astra-migrate-meta-layouts":"set","ast-page-background-enabled":"default","ast-page-background-meta":{"desktop":{"background-color":"var(--ast-global-color-4)","background-image":"","background-repeat":"repeat","background-position":"center center","background-size":"auto","background-attachment":"scroll","background-type":"","background-media":"","overlay-type":"","overlay-color":"","overlay-opacity":"","overlay-gradient":""},"tablet":{"background-color":"","background-image":"","background-repeat":"repeat","background-position":"center center","background-size":"auto","background-attachment":"scroll","background-type":"","background-media":"","overlay-type":"","overlay-color":"","overlay-opacity":"","overlay-gradient":""},"mobile":{"background-color":"","background-image":"","background-repeat":"repeat","background-position":"center center","background-size":"auto","background-attachment":"scroll","background-type":"","background-media":"","overlay-type":"","overlay-color":"","overlay-opacity":"","overlay-gradient":""}},"ast-content-background-meta":{"desktop":{"background-color":"var(--ast-global-color-5)","background-image":"","background-repeat":"repeat","background-position":"center center","background-size":"auto","background-attachment":"scroll","background-type":"","background-media":"","overlay-type":"","overlay-color":"","overlay-opacity":"","overlay-gradient":""},"tablet":{"background-color":"var(--ast-global-color-5)","background-image":"","background-repeat":"repeat","background-position":"center center","background-size":"auto","background-attachment":"scroll","background-type":"","background-media":"","overlay-type":"","overlay-color":"","overlay-opacity":"","overlay-gradient":""},"mobile":{"background-color":"var(--ast-global-color-5)","background-image":"","background-repeat":"repeat","background-position":"center center","background-size":"auto","background-attachment":"scroll","background-type":"","background-media":"","overlay-type":"","overlay-color":"","overlay-opacity":"","overlay-gradient":""}},"footnotes":""},"class_list":["post-137","page","type-page","status-publish","hentry"],"_links":{"self":[{"href":"https:\/\/www.mv-erbshausen-sulzwiesen.de\/index.php?rest_route=\/wp\/v2\/pages\/137","targetHints":{"allow":["GET"]}}],"collection":[{"href":"https:\/\/www.mv-erbshausen-sulzwiesen.de\/index.php?rest_route=\/wp\/v2\/pages"}],"about":[{"href":"https:\/\/www.mv-erbshausen-sulzwiesen.de\/index.php?rest_route=\/wp\/v2\/types\/page"}],"author":[{"embeddable":true,"href":"https:\/\/www.mv-erbshausen-sulzwiesen.de\/index.php?rest_route=\/wp\/v2\/users\/1"}],"replies":[{"embeddable":true,"href":"https:\/\/www.mv-erbshausen-sulzwiesen.de\/index.php?rest_route=%2Fwp%2Fv2%2Fcomments&post=137"}],"version-history":[{"count":11,"href":"https:\/\/www.mv-erbshausen-sulzwiesen.de\/index.php?rest_route=\/wp\/v2\/pages\/137\/revisions"}],"predecessor-version":[{"id":341,"href":"https:\/\/www.mv-erbshausen-sulzwiesen.de\/index.php?rest_route=\/wp\/v2\/pages\/137\/revisions\/341"}],"wp:attachment":[{"href":"https:\/\/www.mv-erbshausen-sulzwiesen.de\/index.php?rest_route=%2Fwp%2Fv2%2Fmedia&parent=137"}],"curies":[{"name":"wp","href":"https:\/\/api.w.org\/{rel}","templated":true}]}}